{"id":53,"date":"2023-06-06T09:35:55","date_gmt":"2023-06-06T09:35:55","guid":{"rendered":"https:\/\/hotelcorazon.com\/restaurantbookings\/contact-us\/"},"modified":"2024-04-08T12:13:09","modified_gmt":"2024-04-08T10:13:09","slug":"contact-us","status":"publish","type":"page","link":"https:\/\/hotelcorazon.com\/restaurantbookings\/contact-us\/","title":{"rendered":"Contact Us"},"content":{"rendered":"\t\t<div data-elementor-type=\"wp-page\" data-elementor-id=\"53\" class=\"elementor elementor-53\">\n\t\t\t\t\t\t<section class=\"elementor-section elementor-top-section elementor-element elementor-element-51501d5 elementor-section-boxed elementor-section-height-default elementor-section-height-default\" data-id=\"51501d5\" data-element_type=\"section\" data-e-type=\"section\">\n\t\t\t\t\t\t<div class=\"elementor-container elementor-column-gap-default\">\n\t\t\t\t\t<div class=\"aux-parallax-section elementor-column elementor-col-50 elementor-top-column elementor-element elementor-element-89be8e6\" data-id=\"89be8e6\" data-element_type=\"column\" data-e-type=\"column\">\n\t\t\t<div class=\"elementor-widget-wrap elementor-element-populated\">\n\t\t\t\t\t\t<div class=\"elementor-element elementor-element-446ef9b8 elementor-widget-mobile__width-initial elementor-widget elementor-widget-heading\" data-id=\"446ef9b8\" data-element_type=\"widget\" data-e-type=\"widget\" data-widget_type=\"heading.default\">\n\t\t\t\t<div class=\"elementor-widget-container\">\n\t\t\t\t\t<h3 class=\"elementor-heading-title elementor-size-default\">Where to find us\n<\/h3>\t\t\t\t<\/div>\n\t\t\t\t<\/div>\n\t\t\t\t<div class=\"elementor-element elementor-element-62ece8e8 elementor-widget__width-initial elementor-invisible elementor-widget elementor-widget-text-editor\" data-id=\"62ece8e8\" data-element_type=\"widget\" data-e-type=\"widget\" data-settings=\"{&quot;_animation&quot;:&quot;fadeInDown&quot;}\" data-widget_type=\"text-editor.default\">\n\t\t\t\t<div class=\"elementor-widget-container\">\n\t\t\t\t\t\t\t\t\t<p>Restaurant Hotel Coraz\u00f3n<br \/>Carretera de Dei\u00e0 KM 56.7, <br \/>S\u00f3ller, 07100<br \/>Mallorca<\/p><p><a href=\"tel:+34 722 352 284\">+34 722 352 284<\/a><\/p><p><a href=\"mailto:restaurant@hotelcorazon.com\">restaurant@hotelcorazon.com<\/a><\/p>\t\t\t\t\t\t\t\t<\/div>\n\t\t\t\t<\/div>\n\t\t\t\t\t<\/div>\n\t\t<\/div>\n\t\t\t\t<div class=\"aux-parallax-section elementor-column elementor-col-50 elementor-top-column elementor-element elementor-element-1d3c139\" data-id=\"1d3c139\" data-element_type=\"column\" data-e-type=\"column\">\n\t\t\t<div class=\"elementor-widget-wrap elementor-element-populated\">\n\t\t\t\t\t\t<div class=\"elementor-element elementor-element-e8f68da elementor-widget elementor-widget-image\" data-id=\"e8f68da\" data-element_type=\"widget\" data-e-type=\"widget\" data-widget_type=\"image.default\">\n\t\t\t\t<div class=\"elementor-widget-container\">\n\t\t\t\t\t\t\t\t\t\t\t\t\t\t\t<img decoding=\"async\" src=\"https:\/\/hotelcorazon.com\/restaurantbookings\/wp-content\/uploads\/elementor\/thumbs\/MapSW.fw_-q7ujke2zfzoqp85s0ydzhs5nntb8hbix4mvj5bqlts.png\" title=\"MapSW.fw\" alt=\"MapSW.fw\" loading=\"lazy\" \/>\t\t\t\t\t\t\t\t\t\t\t\t\t\t\t<\/div>\n\t\t\t\t<\/div>\n\t\t\t\t\t<\/div>\n\t\t<\/div>\n\t\t\t\t\t<\/div>\n\t\t<\/section>\n\t\t\t\t<section class=\"elementor-section elementor-top-section elementor-element elementor-element-8852f16 elementor-section-boxed elementor-section-height-default elementor-section-height-default\" data-id=\"8852f16\" data-element_type=\"section\" data-e-type=\"section\">\n\t\t\t\t\t\t<div class=\"elementor-container elementor-column-gap-default\">\n\t\t\t\t\t<div class=\"aux-parallax-section elementor-column elementor-col-100 elementor-top-column elementor-element elementor-element-3d77793\" data-id=\"3d77793\" data-element_type=\"column\" data-e-type=\"column\">\n\t\t\t<div class=\"elementor-widget-wrap elementor-element-populated\">\n\t\t\t\t\t\t<div class=\"elementor-element elementor-element-1a84435 elementor-widget elementor-widget-text-editor\" data-id=\"1a84435\" data-element_type=\"widget\" data-e-type=\"widget\" data-widget_type=\"text-editor.default\">\n\t\t\t\t<div class=\"elementor-widget-container\">\n\t\t\t\t\t\t\t\t\t<script>;(function (d, s, id) {const el = d.getElementsByTagName(s)[0]; if (d.getElementById(id) || el.parentNode == null) {return;} var js = d.createElement(s);  js.id = id; js.async = true; js.src = 'https:\/\/sdk.zenchef.com\/v1\/sdk.min.js';  el.parentNode.insertBefore(js, el); })(document, 'script', 'zenchef-sdk')<\/script>\n<div\n   class=\"zc-widget-config\"\n   data-restaurant=\"364200\"><\/div>\t\t\t\t\t\t\t\t<\/div>\n\t\t\t\t<\/div>\n\t\t\t\t\t<\/div>\n\t\t<\/div>\n\t\t\t\t\t<\/div>\n\t\t<\/section>\n\t\t\t\t<\/div>\n\t\t","protected":false},"excerpt":{"rendered":"<p>Where to find us Restaurant Hotel Coraz\u00f3nCarretera de Dei\u00e0 KM 56.7, S\u00f3ller, 07100Mallorca +34 722 352 284 restaurant@hotelcorazon.com<\/p>\n","protected":false},"author":1,"featured_media":0,"parent":0,"menu_order":0,"comment_status":"closed","ping_status":"closed","template":"elementor_header_footer","meta":{"footnotes":""},"class_list":["post-53","page","type-page","status-publish","hentry"],"_links":{"self":[{"href":"https:\/\/hotelcorazon.com\/restaurantbookings\/wp-json\/wp\/v2\/pages\/53","targetHints":{"allow":["GET"]}}],"collection":[{"href":"https:\/\/hotelcorazon.com\/restaurantbookings\/wp-json\/wp\/v2\/pages"}],"about":[{"href":"https:\/\/hotelcorazon.com\/restaurantbookings\/wp-json\/wp\/v2\/types\/page"}],"author":[{"embeddable":true,"href":"https:\/\/hotelcorazon.com\/restaurantbookings\/wp-json\/wp\/v2\/users\/1"}],"replies":[{"embeddable":true,"href":"https:\/\/hotelcorazon.com\/restaurantbookings\/wp-json\/wp\/v2\/comments?post=53"}],"version-history":[{"count":54,"href":"https:\/\/hotelcorazon.com\/restaurantbookings\/wp-json\/wp\/v2\/pages\/53\/revisions"}],"predecessor-version":[{"id":884,"href":"https:\/\/hotelcorazon.com\/restaurantbookings\/wp-json\/wp\/v2\/pages\/53\/revisions\/884"}],"wp:attachment":[{"href":"https:\/\/hotelcorazon.com\/restaurantbookings\/wp-json\/wp\/v2\/media?parent=53"}],"curies":[{"name":"wp","href":"https:\/\/api.w.org\/{rel}","templated":true}]}}